{"id":15028,"date":"2025-08-12T17:14:15","date_gmt":"2025-08-12T17:14:15","guid":{"rendered":"https:\/\/worldmusic.mus.br\/cifra\/?page_id=15028"},"modified":"2025-09-18T19:32:50","modified_gmt":"2025-09-18T19:32:50","slug":"afinador-de-violao-e-cavaquinho-online","status":"publish","type":"page","link":"https:\/\/worldmusic.mus.br\/cifra\/afinador-de-violao-e-cavaquinho-online\/","title":{"rendered":"Afinador de violao e cavaquinho online"},"content":{"rendered":"<style>\n.afinador-iframe-container {\n  width: 100%;\n  max-width: 400px;\n  margin: auto;\n  position: relative;\n}\n.afinador-iframe {\n  width: 100%;\n  height: 100vw;\n  max-height: 400px;\n  min-height: 350px;\n  border: none;\n  border-radius: 20px;\n  box-shadow: 0 4px 16px rgba(0,0,0,0.1);\n  background: transparent;\n  display: block;\n}\n@media (min-width: 400px) {\n  .afinador-iframe {\n    height: 400px;\n  }\n}\n<\/style>\n<div class=\"afinador-iframe-container\">\n  <iframe \n    src=\"https:\/\/worldmusic.mus.br\/afinador\/index.html\" \n    class=\"afinador-iframe\"\n    allow=\"microphone\"\n    title=\"Afinador\"\n  ><\/iframe>\n<\/div>\n","protected":false},"excerpt":{"rendered":"","protected":false},"author":1,"featured_media":15032,"parent":0,"menu_order":0,"comment_status":"closed","ping_status":"closed","template":"page-sem-cifra.php","meta":{"footnotes":""},"class_list":["post-15028","page","type-page","status-publish","has-post-thumbnail","hentry"],"yoast_head":"<!-- This site is optimized with the Yoast SEO plugin v27.5 - https:\/\/yoast.com\/product\/yoast-seo-wordpress\/ -->\n<title>Afinador de violao e cavaquinho online - World Music Cifras<\/title>\n<meta name=\"robots\" content=\"index, follow, max-snippet:-1, max-image-preview:large, max-video-preview:-1\" \/>\n<link rel=\"canonical\" href=\"https:\/\/worldmusic.mus.br\/cifra\/afinador-de-violao-e-cavaquinho-online\/\" \/>\n<meta property=\"og:locale\" content=\"pt_BR\" \/>\n<meta property=\"og:type\" content=\"article\" \/>\n<meta property=\"og:title\" content=\"Afinador de violao e cavaquinho online - World Music Cifras\" \/>\n<meta property=\"og:url\" content=\"https:\/\/worldmusic.mus.br\/cifra\/afinador-de-violao-e-cavaquinho-online\/\" \/>\n<meta property=\"og:site_name\" content=\"World Music Cifras\" \/>\n<meta property=\"article:publisher\" content=\"https:\/\/www.facebook.com\/worldmusicescolademusicauberlandia\/\" \/>\n<meta property=\"article:modified_time\" content=\"2025-09-18T19:32:50+00:00\" \/>\n<meta property=\"og:image\" content=\"https:\/\/worldmusic.mus.br\/cifra\/wp-content\/uploads\/2025\/08\/Afinador-online-de-violao-e-cavaquinho-de-ouvido.png\" \/>\n\t<meta property=\"og:image:width\" content=\"526\" \/>\n\t<meta property=\"og:image:height\" content=\"463\" \/>\n\t<meta property=\"og:image:type\" content=\"image\/png\" \/>\n<meta name=\"twitter:card\" content=\"summary_large_image\" \/>\n<meta name=\"twitter:label1\" content=\"Est. tempo de leitura\" \/>\n\t<meta name=\"twitter:data1\" content=\"1 minuto\" \/>\n<script type=\"application\/ld+json\" class=\"yoast-schema-graph\">{\"@context\":\"https:\\\/\\\/schema.org\",\"@graph\":[{\"@type\":\"WebPage\",\"@id\":\"https:\\\/\\\/worldmusic.mus.br\\\/cifra\\\/afinador-de-violao-e-cavaquinho-online\\\/\",\"url\":\"https:\\\/\\\/worldmusic.mus.br\\\/cifra\\\/afinador-de-violao-e-cavaquinho-online\\\/\",\"name\":\"Afinador de violao e cavaquinho online - World Music Cifras\",\"isPartOf\":{\"@id\":\"https:\\\/\\\/worldmusic.mus.br\\\/cifra\\\/#website\"},\"primaryImageOfPage\":{\"@id\":\"https:\\\/\\\/worldmusic.mus.br\\\/cifra\\\/afinador-de-violao-e-cavaquinho-online\\\/#primaryimage\"},\"image\":{\"@id\":\"https:\\\/\\\/worldmusic.mus.br\\\/cifra\\\/afinador-de-violao-e-cavaquinho-online\\\/#primaryimage\"},\"thumbnailUrl\":\"https:\\\/\\\/worldmusic.mus.br\\\/cifra\\\/wp-content\\\/uploads\\\/2025\\\/08\\\/Afinador-online-de-violao-e-cavaquinho-de-ouvido.png\",\"datePublished\":\"2025-08-12T17:14:15+00:00\",\"dateModified\":\"2025-09-18T19:32:50+00:00\",\"breadcrumb\":{\"@id\":\"https:\\\/\\\/worldmusic.mus.br\\\/cifra\\\/afinador-de-violao-e-cavaquinho-online\\\/#breadcrumb\"},\"inLanguage\":\"pt-BR\",\"potentialAction\":[{\"@type\":\"ReadAction\",\"target\":[\"https:\\\/\\\/worldmusic.mus.br\\\/cifra\\\/afinador-de-violao-e-cavaquinho-online\\\/\"]}]},{\"@type\":\"ImageObject\",\"inLanguage\":\"pt-BR\",\"@id\":\"https:\\\/\\\/worldmusic.mus.br\\\/cifra\\\/afinador-de-violao-e-cavaquinho-online\\\/#primaryimage\",\"url\":\"https:\\\/\\\/worldmusic.mus.br\\\/cifra\\\/wp-content\\\/uploads\\\/2025\\\/08\\\/Afinador-online-de-violao-e-cavaquinho-de-ouvido.png\",\"contentUrl\":\"https:\\\/\\\/worldmusic.mus.br\\\/cifra\\\/wp-content\\\/uploads\\\/2025\\\/08\\\/Afinador-online-de-violao-e-cavaquinho-de-ouvido.png\",\"width\":526,\"height\":463},{\"@type\":\"BreadcrumbList\",\"@id\":\"https:\\\/\\\/worldmusic.mus.br\\\/cifra\\\/afinador-de-violao-e-cavaquinho-online\\\/#breadcrumb\",\"itemListElement\":[{\"@type\":\"ListItem\",\"position\":1,\"name\":\"In\u00edcio\",\"item\":\"https:\\\/\\\/worldmusic.mus.br\\\/cifra\\\/\"},{\"@type\":\"ListItem\",\"position\":2,\"name\":\"Afinador de violao e cavaquinho online\"}]},{\"@type\":\"WebSite\",\"@id\":\"https:\\\/\\\/worldmusic.mus.br\\\/cifra\\\/#website\",\"url\":\"https:\\\/\\\/worldmusic.mus.br\\\/cifra\\\/\",\"name\":\"World Music\",\"description\":\"Uma ampla cole\u00e7\u00e3o de cifras e tablaturas para m\u00fasicos de todos os n\u00edveis \u2013 do iniciante ao avan\u00e7ado \u2013 abrangendo diversos g\u00eaneros e estilos musicais. Nosso site \u00e9 a escolha certa para quem busca praticidade e precis\u00e3o na execu\u00e7\u00e3o de suas m\u00fasicas favoritas, com um acervo acess\u00edvel e sempre atualizado para suas pr\u00e1ticas e performances.\",\"publisher\":{\"@id\":\"https:\\\/\\\/worldmusic.mus.br\\\/cifra\\\/#organization\"},\"potentialAction\":[{\"@type\":\"SearchAction\",\"target\":{\"@type\":\"EntryPoint\",\"urlTemplate\":\"https:\\\/\\\/worldmusic.mus.br\\\/cifra\\\/?s={search_term_string}\"},\"query-input\":{\"@type\":\"PropertyValueSpecification\",\"valueRequired\":true,\"valueName\":\"search_term_string\"}}],\"inLanguage\":\"pt-BR\"},{\"@type\":\"Organization\",\"@id\":\"https:\\\/\\\/worldmusic.mus.br\\\/cifra\\\/#organization\",\"name\":\"World Music\",\"url\":\"https:\\\/\\\/worldmusic.mus.br\\\/cifra\\\/\",\"logo\":{\"@type\":\"ImageObject\",\"inLanguage\":\"pt-BR\",\"@id\":\"https:\\\/\\\/worldmusic.mus.br\\\/cifra\\\/#\\\/schema\\\/logo\\\/image\\\/\",\"url\":\"https:\\\/\\\/worldmusic.mus.br\\\/cifra\\\/wp-content\\\/uploads\\\/2024\\\/10\\\/cropped-World-Music-Logo.png\",\"contentUrl\":\"https:\\\/\\\/worldmusic.mus.br\\\/cifra\\\/wp-content\\\/uploads\\\/2024\\\/10\\\/cropped-World-Music-Logo.png\",\"width\":500,\"height\":244,\"caption\":\"World Music\"},\"image\":{\"@id\":\"https:\\\/\\\/worldmusic.mus.br\\\/cifra\\\/#\\\/schema\\\/logo\\\/image\\\/\"},\"sameAs\":[\"https:\\\/\\\/www.facebook.com\\\/worldmusicescolademusicauberlandia\\\/\",\"https:\\\/\\\/www.youtube.com\\\/channel\\\/UCj0pAbHJVz1ZCStFMBEzWIg?sub_confirmation=1\"]}]}<\/script>\n<!-- \/ Yoast SEO plugin. -->","yoast_head_json":{"title":"Afinador de violao e cavaquinho online - World Music Cifras","robots":{"index":"index","follow":"follow","max-snippet":"max-snippet:-1","max-image-preview":"max-image-preview:large","max-video-preview":"max-video-preview:-1"},"canonical":"https:\/\/worldmusic.mus.br\/cifra\/afinador-de-violao-e-cavaquinho-online\/","og_locale":"pt_BR","og_type":"article","og_title":"Afinador de violao e cavaquinho online - World Music Cifras","og_url":"https:\/\/worldmusic.mus.br\/cifra\/afinador-de-violao-e-cavaquinho-online\/","og_site_name":"World Music Cifras","article_publisher":"https:\/\/www.facebook.com\/worldmusicescolademusicauberlandia\/","article_modified_time":"2025-09-18T19:32:50+00:00","og_image":[{"width":526,"height":463,"url":"https:\/\/worldmusic.mus.br\/cifra\/wp-content\/uploads\/2025\/08\/Afinador-online-de-violao-e-cavaquinho-de-ouvido.png","type":"image\/png"}],"twitter_card":"summary_large_image","twitter_misc":{"Est. tempo de leitura":"1 minuto"},"schema":{"@context":"https:\/\/schema.org","@graph":[{"@type":"WebPage","@id":"https:\/\/worldmusic.mus.br\/cifra\/afinador-de-violao-e-cavaquinho-online\/","url":"https:\/\/worldmusic.mus.br\/cifra\/afinador-de-violao-e-cavaquinho-online\/","name":"Afinador de violao e cavaquinho online - World Music Cifras","isPartOf":{"@id":"https:\/\/worldmusic.mus.br\/cifra\/#website"},"primaryImageOfPage":{"@id":"https:\/\/worldmusic.mus.br\/cifra\/afinador-de-violao-e-cavaquinho-online\/#primaryimage"},"image":{"@id":"https:\/\/worldmusic.mus.br\/cifra\/afinador-de-violao-e-cavaquinho-online\/#primaryimage"},"thumbnailUrl":"https:\/\/worldmusic.mus.br\/cifra\/wp-content\/uploads\/2025\/08\/Afinador-online-de-violao-e-cavaquinho-de-ouvido.png","datePublished":"2025-08-12T17:14:15+00:00","dateModified":"2025-09-18T19:32:50+00:00","breadcrumb":{"@id":"https:\/\/worldmusic.mus.br\/cifra\/afinador-de-violao-e-cavaquinho-online\/#breadcrumb"},"inLanguage":"pt-BR","potentialAction":[{"@type":"ReadAction","target":["https:\/\/worldmusic.mus.br\/cifra\/afinador-de-violao-e-cavaquinho-online\/"]}]},{"@type":"ImageObject","inLanguage":"pt-BR","@id":"https:\/\/worldmusic.mus.br\/cifra\/afinador-de-violao-e-cavaquinho-online\/#primaryimage","url":"https:\/\/worldmusic.mus.br\/cifra\/wp-content\/uploads\/2025\/08\/Afinador-online-de-violao-e-cavaquinho-de-ouvido.png","contentUrl":"https:\/\/worldmusic.mus.br\/cifra\/wp-content\/uploads\/2025\/08\/Afinador-online-de-violao-e-cavaquinho-de-ouvido.png","width":526,"height":463},{"@type":"BreadcrumbList","@id":"https:\/\/worldmusic.mus.br\/cifra\/afinador-de-violao-e-cavaquinho-online\/#breadcrumb","itemListElement":[{"@type":"ListItem","position":1,"name":"In\u00edcio","item":"https:\/\/worldmusic.mus.br\/cifra\/"},{"@type":"ListItem","position":2,"name":"Afinador de violao e cavaquinho online"}]},{"@type":"WebSite","@id":"https:\/\/worldmusic.mus.br\/cifra\/#website","url":"https:\/\/worldmusic.mus.br\/cifra\/","name":"World Music","description":"Uma ampla cole\u00e7\u00e3o de cifras e tablaturas para m\u00fasicos de todos os n\u00edveis \u2013 do iniciante ao avan\u00e7ado \u2013 abrangendo diversos g\u00eaneros e estilos musicais. Nosso site \u00e9 a escolha certa para quem busca praticidade e precis\u00e3o na execu\u00e7\u00e3o de suas m\u00fasicas favoritas, com um acervo acess\u00edvel e sempre atualizado para suas pr\u00e1ticas e performances.","publisher":{"@id":"https:\/\/worldmusic.mus.br\/cifra\/#organization"},"potentialAction":[{"@type":"SearchAction","target":{"@type":"EntryPoint","urlTemplate":"https:\/\/worldmusic.mus.br\/cifra\/?s={search_term_string}"},"query-input":{"@type":"PropertyValueSpecification","valueRequired":true,"valueName":"search_term_string"}}],"inLanguage":"pt-BR"},{"@type":"Organization","@id":"https:\/\/worldmusic.mus.br\/cifra\/#organization","name":"World Music","url":"https:\/\/worldmusic.mus.br\/cifra\/","logo":{"@type":"ImageObject","inLanguage":"pt-BR","@id":"https:\/\/worldmusic.mus.br\/cifra\/#\/schema\/logo\/image\/","url":"https:\/\/worldmusic.mus.br\/cifra\/wp-content\/uploads\/2024\/10\/cropped-World-Music-Logo.png","contentUrl":"https:\/\/worldmusic.mus.br\/cifra\/wp-content\/uploads\/2024\/10\/cropped-World-Music-Logo.png","width":500,"height":244,"caption":"World Music"},"image":{"@id":"https:\/\/worldmusic.mus.br\/cifra\/#\/schema\/logo\/image\/"},"sameAs":["https:\/\/www.facebook.com\/worldmusicescolademusicauberlandia\/","https:\/\/www.youtube.com\/channel\/UCj0pAbHJVz1ZCStFMBEzWIg?sub_confirmation=1"]}]}},"_hostinger_reach_plugin_has_subscription_block":false,"_hostinger_reach_plugin_is_elementor":false,"_links":{"self":[{"href":"https:\/\/worldmusic.mus.br\/cifra\/wp-json\/wp\/v2\/pages\/15028","targetHints":{"allow":["GET"]}}],"collection":[{"href":"https:\/\/worldmusic.mus.br\/cifra\/wp-json\/wp\/v2\/pages"}],"about":[{"href":"https:\/\/worldmusic.mus.br\/cifra\/wp-json\/wp\/v2\/types\/page"}],"author":[{"embeddable":true,"href":"https:\/\/worldmusic.mus.br\/cifra\/wp-json\/wp\/v2\/users\/1"}],"replies":[{"embeddable":true,"href":"https:\/\/worldmusic.mus.br\/cifra\/wp-json\/wp\/v2\/comments?post=15028"}],"version-history":[{"count":17,"href":"https:\/\/worldmusic.mus.br\/cifra\/wp-json\/wp\/v2\/pages\/15028\/revisions"}],"predecessor-version":[{"id":15055,"href":"https:\/\/worldmusic.mus.br\/cifra\/wp-json\/wp\/v2\/pages\/15028\/revisions\/15055"}],"wp:featuredmedia":[{"embeddable":true,"href":"https:\/\/worldmusic.mus.br\/cifra\/wp-json\/wp\/v2\/media\/15032"}],"wp:attachment":[{"href":"https:\/\/worldmusic.mus.br\/cifra\/wp-json\/wp\/v2\/media?parent=15028"}],"curies":[{"name":"wp","href":"https:\/\/api.w.org\/{rel}","templated":true}]}}